{"id":407,"date":"2022-06-07T17:22:54","date_gmt":"2022-06-07T20:22:54","guid":{"rendered":"https:\/\/rhinoepis.com.br\/2022\/?post_type=product&#038;p=407"},"modified":"2022-06-08T14:43:25","modified_gmt":"2022-06-08T17:43:25","slug":"sapato-amarrar-soft-preta","status":"publish","type":"product","link":"https:\/\/rhinoepis.com.br\/2022\/produto\/sapato-amarrar-soft-preta\/","title":{"rendered":"Sapato Amarrar Soft Preto Monodensidade"},"content":{"rendered":"","protected":false},"excerpt":{"rendered":"<p>Cal\u00e7ado de seguran\u00e7a tipo Sapato, cabedal em couro na cor Preta, constitu\u00eddo de g\u00e1spea em couro, traseira em couro e inserto em couro, colarinho forrado e estofado, fechamento em cadar\u00e7o com ilh\u00f3s met\u00e1lico, palmilha de montagem fixada pelo sistema strobel, confeccionada em material n\u00e3o tecido, forra\u00e7\u00e3o em material n\u00e3o tecido, forma ergon\u00f4mica (alto conforto), solado monodensidade com inje\u00e7\u00e3o \u00e0 base de PU (Poliuretano), antiderrapante, absor\u00e7\u00e3o de impacto na regi\u00e3o do calcanhar, resistente a \u00f3leo combust\u00edvel.<\/p>\n<p>Opcionais: Biqueira de A\u00e7o ou PVC.<\/p>\n","protected":false},"featured_media":408,"comment_status":"open","ping_status":"closed","template":"","meta":{"ocean_post_layout":"","ocean_both_sidebars_style":"","ocean_both_sidebars_content_width":0,"ocean_both_sidebars_sidebars_width":0,"ocean_sidebar":"0","ocean_second_sidebar":"0","ocean_disable_margins":"enable","ocean_add_body_class":"","ocean_shortcode_before_top_bar":"","ocean_shortcode_after_top_bar":"","ocean_shortcode_before_header":"","ocean_shortcode_after_header":"","ocean_has_shortcode":"","ocean_shortcode_after_title":"","ocean_shortcode_before_footer_widgets":"","ocean_shortcode_after_footer_widgets":"","ocean_shortcode_before_footer_bottom":"","ocean_shortcode_after_footer_bottom":"","ocean_display_top_bar":"default","ocean_display_header":"default","ocean_header_style":"","ocean_center_header_left_menu":"0","ocean_custom_header_template":"0","ocean_custom_logo":0,"ocean_custom_retina_logo":0,"ocean_custom_logo_max_width":0,"ocean_custom_logo_tablet_max_width":0,"ocean_custom_logo_mobile_max_width":0,"ocean_custom_logo_max_height":0,"ocean_custom_logo_tablet_max_height":0,"ocean_custom_logo_mobile_max_height":0,"ocean_header_custom_menu":"0","ocean_menu_typo_font_family":"0","ocean_menu_typo_font_subset":"","ocean_menu_typo_font_size":0,"ocean_menu_typo_font_size_tablet":0,"ocean_menu_typo_font_size_mobile":0,"ocean_menu_typo_font_size_unit":"px","ocean_menu_typo_font_weight":"","ocean_menu_typo_font_weight_tablet":"","ocean_menu_typo_font_weight_mobile":"","ocean_menu_typo_transform":"","ocean_menu_typo_transform_tablet":"","ocean_menu_typo_transform_mobile":"","ocean_menu_typo_line_height":0,"ocean_menu_typo_line_height_tablet":0,"ocean_menu_typo_line_height_mobile":0,"ocean_menu_typo_line_height_unit":"","ocean_menu_typo_spacing":0,"ocean_menu_typo_spacing_tablet":0,"ocean_menu_typo_spacing_mobile":0,"ocean_menu_typo_spacing_unit":"","ocean_menu_link_color":"","ocean_menu_link_color_hover":"","ocean_menu_link_color_active":"","ocean_menu_link_background":"","ocean_menu_link_hover_background":"","ocean_menu_link_active_background":"","ocean_menu_social_links_bg":"","ocean_menu_social_hover_links_bg":"","ocean_menu_social_links_color":"","ocean_menu_social_hover_links_color":"","ocean_disable_title":"default","ocean_disable_heading":"default","ocean_post_title":"","ocean_post_subheading":"","ocean_post_title_style":"","ocean_post_title_background_color":"","ocean_post_title_background":0,"ocean_post_title_bg_image_position":"","ocean_post_title_bg_image_attachment":"","ocean_post_title_bg_image_repeat":"","ocean_post_title_bg_image_size":"","ocean_post_title_height":0,"ocean_post_title_bg_overlay":0.5,"ocean_post_title_bg_overlay_color":"","ocean_disable_breadcrumbs":"default","ocean_breadcrumbs_color":"","ocean_breadcrumbs_separator_color":"","ocean_breadcrumbs_links_color":"","ocean_breadcrumbs_links_hover_color":"","ocean_display_footer_widgets":"default","ocean_display_footer_bottom":"default","ocean_custom_footer_template":"0"},"product_cat":[20,49],"product_tag":[],"_links":{"self":[{"href":"https:\/\/rhinoepis.com.br\/2022\/wp-json\/wp\/v2\/product\/407"}],"collection":[{"href":"https:\/\/rhinoepis.com.br\/2022\/wp-json\/wp\/v2\/product"}],"about":[{"href":"https:\/\/rhinoepis.com.br\/2022\/wp-json\/wp\/v2\/types\/product"}],"replies":[{"embeddable":true,"href":"https:\/\/rhinoepis.com.br\/2022\/wp-json\/wp\/v2\/comments?post=407"}],"wp:featuredmedia":[{"embeddable":true,"href":"https:\/\/rhinoepis.com.br\/2022\/wp-json\/wp\/v2\/media\/408"}],"wp:attachment":[{"href":"https:\/\/rhinoepis.com.br\/2022\/wp-json\/wp\/v2\/media?parent=407"}],"wp:term":[{"taxonomy":"product_cat","embeddable":true,"href":"https:\/\/rhinoepis.com.br\/2022\/wp-json\/wp\/v2\/product_cat?post=407"},{"taxonomy":"product_tag","embeddable":true,"href":"https:\/\/rhinoepis.com.br\/2022\/wp-json\/wp\/v2\/product_tag?post=407"}],"curies":[{"name":"wp","href":"https:\/\/api.w.org\/{rel}","templated":true}]}}