{"id":559,"date":"2022-06-08T11:01:30","date_gmt":"2022-06-08T14:01:30","guid":{"rendered":"https:\/\/rhinoepis.com.br\/2022\/?post_type=product&#038;p=559"},"modified":"2022-06-08T13:46:12","modified_gmt":"2022-06-08T16:46:12","slug":"oculos-de-protecao-napoli-fume","status":"publish","type":"product","link":"https:\/\/rhinoepis.com.br\/2022\/produto\/oculos-de-protecao-napoli-fume\/","title":{"rendered":"\u00d3culos de Prote\u00e7\u00e3o NAPOLI Fum\u00ea"},"content":{"rendered":"","protected":false},"excerpt":{"rendered":"<p>DESCRI\u00c7\u00c3O DO PRODUTO:<br \/>\n\u00d3culos de seguran\u00e7a sem aro, com lentes em policarbonato com tratamento antirrisco e UV, protetor nasal injetado do mesmo material e hastes tipo esp\u00e1tula em policarbonato.<br \/>\n&#8211; lentes sem aro em policarbonato com prote\u00e7\u00e3o UV<br \/>\n&#8211; tratamento antirrisco<br \/>\n&#8211; hastes em policarbonato<br \/>\n&#8211; peso: 0,035kgs<\/p>\n<p>INDICA\u00c7\u00c3O DE USO:<br \/>\nProte\u00e7\u00e3o dos olhos do usu\u00e1rio contra impactos de part\u00edculas frontais, contra radia\u00e7\u00e3o ultravioleta e contra luminosidade intensa no caso das lentes na cor cinza.<\/p>\n<p>Obs: N\u00e3o usar estes \u00f3culos de seguran\u00e7a para prote\u00e7\u00e3o dos olhos contra radia\u00e7\u00e3o infravermelha e contra riscos de origem t\u00e9rmica.<\/p>\n<p>INSPE\u00c7\u00c3O \/ CONSERVA\u00c7\u00c3O:<br \/>\nLimpar previamente apenas em \u00e1gua corrente e sem friccionar para remover a poeira. Em caso de manchas de gordura, utilize uma gota de sabonete ou detergente l\u00edquido neutro e fa\u00e7a movimentos circulares leves com os dedos limpos, enx\u00e1gue at\u00e9 remover todo o res\u00edduo e seque somente com papel ou pano macio, limpo e seco, sem adi\u00e7\u00e3o de qualquer produto ou subst\u00e2ncia que possa interferir nas caracter\u00edsticas f\u00edsicas dos \u00f3culos e comprometer sua efici\u00eancia e funcionalidade.<\/p>\n<p>Obs.: O papel n\u00e3o poder\u00e1 ser friccionado nas lentes para n\u00e3o prejudicar o material protetivo.<\/p>\n<p>Cor: Hastes Verde\/ Lente Fum\u00ea \u2013 Ref. ONF<\/p>\n","protected":false},"featured_media":558,"comment_status":"open","ping_status":"closed","template":"","meta":{"ocean_post_layout":"","ocean_both_sidebars_style":"","ocean_both_sidebars_content_width":0,"ocean_both_sidebars_sidebars_width":0,"ocean_sidebar":"0","ocean_second_sidebar":"0","ocean_disable_margins":"enable","ocean_add_body_class":"","ocean_shortcode_before_top_bar":"","ocean_shortcode_after_top_bar":"","ocean_shortcode_before_header":"","ocean_shortcode_after_header":"","ocean_has_shortcode":"","ocean_shortcode_after_title":"","ocean_shortcode_before_footer_widgets":"","ocean_shortcode_after_footer_widgets":"","ocean_shortcode_before_footer_bottom":"","ocean_shortcode_after_footer_bottom":"","ocean_display_top_bar":"default","ocean_display_header":"default","ocean_header_style":"","ocean_center_header_left_menu":"0","ocean_custom_header_template":"0","ocean_custom_logo":0,"ocean_custom_retina_logo":0,"ocean_custom_logo_max_width":0,"ocean_custom_logo_tablet_max_width":0,"ocean_custom_logo_mobile_max_width":0,"ocean_custom_logo_max_height":0,"ocean_custom_logo_tablet_max_height":0,"ocean_custom_logo_mobile_max_height":0,"ocean_header_custom_menu":"0","ocean_menu_typo_font_family":"0","ocean_menu_typo_font_subset":"","ocean_menu_typo_font_size":0,"ocean_menu_typo_font_size_tablet":0,"ocean_menu_typo_font_size_mobile":0,"ocean_menu_typo_font_size_unit":"px","ocean_menu_typo_font_weight":"","ocean_menu_typo_font_weight_tablet":"","ocean_menu_typo_font_weight_mobile":"","ocean_menu_typo_transform":"","ocean_menu_typo_transform_tablet":"","ocean_menu_typo_transform_mobile":"","ocean_menu_typo_line_height":0,"ocean_menu_typo_line_height_tablet":0,"ocean_menu_typo_line_height_mobile":0,"ocean_menu_typo_line_height_unit":"","ocean_menu_typo_spacing":0,"ocean_menu_typo_spacing_tablet":0,"ocean_menu_typo_spacing_mobile":0,"ocean_menu_typo_spacing_unit":"","ocean_menu_link_color":"","ocean_menu_link_color_hover":"","ocean_menu_link_color_active":"","ocean_menu_link_background":"","ocean_menu_link_hover_background":"","ocean_menu_link_active_background":"","ocean_menu_social_links_bg":"","ocean_menu_social_hover_links_bg":"","ocean_menu_social_links_color":"","ocean_menu_social_hover_links_color":"","ocean_disable_title":"default","ocean_disable_heading":"default","ocean_post_title":"","ocean_post_subheading":"","ocean_post_title_style":"","ocean_post_title_background_color":"","ocean_post_title_background":0,"ocean_post_title_bg_image_position":"","ocean_post_title_bg_image_attachment":"","ocean_post_title_bg_image_repeat":"","ocean_post_title_bg_image_size":"","ocean_post_title_height":0,"ocean_post_title_bg_overlay":0.5,"ocean_post_title_bg_overlay_color":"","ocean_disable_breadcrumbs":"default","ocean_breadcrumbs_color":"","ocean_breadcrumbs_separator_color":"","ocean_breadcrumbs_links_color":"","ocean_breadcrumbs_links_hover_color":"","ocean_display_footer_widgets":"default","ocean_display_footer_bottom":"default","ocean_custom_footer_template":"0"},"product_cat":[54,22],"product_tag":[],"_links":{"self":[{"href":"https:\/\/rhinoepis.com.br\/2022\/wp-json\/wp\/v2\/product\/559"}],"collection":[{"href":"https:\/\/rhinoepis.com.br\/2022\/wp-json\/wp\/v2\/product"}],"about":[{"href":"https:\/\/rhinoepis.com.br\/2022\/wp-json\/wp\/v2\/types\/product"}],"replies":[{"embeddable":true,"href":"https:\/\/rhinoepis.com.br\/2022\/wp-json\/wp\/v2\/comments?post=559"}],"wp:featuredmedia":[{"embeddable":true,"href":"https:\/\/rhinoepis.com.br\/2022\/wp-json\/wp\/v2\/media\/558"}],"wp:attachment":[{"href":"https:\/\/rhinoepis.com.br\/2022\/wp-json\/wp\/v2\/media?parent=559"}],"wp:term":[{"taxonomy":"product_cat","embeddable":true,"href":"https:\/\/rhinoepis.com.br\/2022\/wp-json\/wp\/v2\/product_cat?post=559"},{"taxonomy":"product_tag","embeddable":true,"href":"https:\/\/rhinoepis.com.br\/2022\/wp-json\/wp\/v2\/product_tag?post=559"}],"curies":[{"name":"wp","href":"https:\/\/api.w.org\/{rel}","templated":true}]}}